{"id":9,"date":"2020-06-23T12:34:23","date_gmt":"2020-06-23T12:34:23","guid":{"rendered":"http:\/\/consto.themezinho.net\/?page_id=9"},"modified":"2023-06-28T16:51:02","modified_gmt":"2023-06-28T16:51:02","slug":"home","status":"publish","type":"page","link":"https:\/\/proexcengenharia.com\/","title":{"rendered":"Home"},"content":{"rendered":"<section class=\"wpb-content-wrapper\"><p>[vc_row motts_theme_padding=&#8221;no&#8221; css=&#8221;.vc_custom_1592942836378{margin-right: 0px !important;margin-left: 0px !important;}&#8221;][vc_column css=&#8221;.vc_custom_1592942827926{padding-right: 0px !important;padding-left: 0px !important;}&#8221;][ts_hero_slider hero_slider=&#8221;13&#8243;][vc_empty_space height=&#8221;50px&#8221;][vc_row_inner][vc_column_inner][ts_section_title tagline=&#8221;Como trabalhamos&#8221; title=&#8221;M\u00e9todo Pr\u00f3 360&#8243;][\/vc_column_inner][\/vc_row_inner][vc_row_inner content_placement=&#8221;middle&#8221;][vc_column_inner width=&#8221;1\/2&#8243; css=&#8221;.vc_custom_1592919692743{padding-right: 0px !important;padding-left: 0px !important;}&#8221;][ts_side_image image=&#8221;397&#8243; alt=&#8221;Image&#8221;][\/vc_column_inner][vc_column_inner width=&#8221;1\/2&#8243; css=&#8221;.vc_custom_1592992263819{padding-right: 0px !important;padding-left: 0px !important;}&#8221;][ts_side_content title=&#8221;Como trabalhamos?&#8221; description=&#8221;Projetos de engenharia s\u00e3o feitos para orientar e facilitar a execu\u00e7\u00e3o de obras, de forma que elas sejam conclu\u00eddas com excel\u00eancia, sem desperd\u00edcios e dentro<br \/>\ndas normas de seguran\u00e7a.<br \/>\nAbordamos de forma global todos os campos que uma obra precisa para ser segura, enxuta e estruturada.&#8221;][\/vc_column_inner][\/vc_row_inner][\/vc_column][\/vc_row][vc_row use_container=&#8221;yes&#8221;][vc_column offset=&#8221;vc_col-md-4&#8243;][ts_icon_box icon=&#8221;28&#8243; title=&#8221;Planejamento&#8221; description=&#8221;Nos responsabilizamos pelo planejamento financeiro, temporal e de execu\u00e7\u00e3o das obras. Assim, \u00e9 poss\u00edvel evitar problemas como atrasos e desperd\u00edcios.&#8221; link_url=&#8221;https:\/\/proexcengenharia.com\/index.php\/contato\/&#8221;][\/vc_column][vc_column offset=&#8221;vc_col-md-4&#8243;][ts_icon_box icon=&#8221;31&#8243; title=&#8221;Constru\u00e7\u00e3o Enxuta&#8221; description=&#8221;Utilizando esse modelo, as obras seguem um padr\u00e3o de qualidade cont\u00ednuo, os custos s\u00e3o otimizados e o tempo demandado para a obra tamb\u00e9m \u00e9 reduzido.&#8221; link_url=&#8221;https:\/\/proexcengenharia.com\/index.php\/contato\/&#8221;][\/vc_column][vc_column offset=&#8221;vc_col-md-4&#8243;][ts_icon_box icon=&#8221;32&#8243; title=&#8221;Seguran\u00e7a&#8221; description=&#8221;Cada projeto \u00e9 voltado a uma etapa e necessidade espec\u00edfica, como para diminuir o risco de acidentes, de atrasos, de necessidade por manuten\u00e7\u00f5es e reformas, gerando economia.&#8221; link_url=&#8221;https:\/\/proexcengenharia.com\/index.php\/contato\/&#8221;][\/vc_column][\/vc_row][vc_row section_background_color=&#8221;#f7f6f1&#8243; use_predefined_class=&#8221;yes&#8221; predefined_class=&#8221;white-space-bottom&#8221; css=&#8221;.vc_custom_1593002326565{margin-right: 0px !important;margin-left: 0px !important;}&#8221;][vc_column][vc_row_inner wrap_container=&#8221;yes&#8221; css=&#8221;.vc_custom_1592996341482{margin-right: 0px !important;margin-left: 0px !important;padding-right: 0px !important;padding-left: 0px !important;}&#8221;][vc_column_inner offset=&#8221;vc_col-md-7&#8243; css=&#8221;.vc_custom_1593002365639{padding-right: 0px !important;padding-left: 0px !important;}&#8221;][ts_section_title align=&#8221;left&#8221; tagline=&#8221;Portf\u00f3lio&#8221; title=&#8221;Alguns de nossos projetos&#8221;][\/vc_column_inner][vc_column_inner offset=&#8221;vc_col-md-5&#8243; css=&#8221;.vc_custom_1593002372445{padding-right: 0px !important;padding-left: 0px !important;}&#8221;][vc_column_text][\/vc_column_text][\/vc_column_inner][\/vc_row_inner][vc_row_inner][vc_column_inner css=&#8221;.vc_custom_1593002339240{padding-right: 0px !important;padding-left: 0px !important;}&#8221;][ts_project_slider details=&#8221;%5B%7B%22image%22%3A%22462%22%2C%22title%22%3A%22Trio%22%2C%22link_url%22%3A%22https%3A%2F%2Fproexcengenharia.com%2Findex.php%2Fproject%2Fprojeto-trio%2F%22%7D%2C%7B%22image%22%3A%22464%22%2C%22title%22%3A%22Zona%20Sul%20Hotel%22%2C%22link_url%22%3A%22https%3A%2F%2Fproexcengenharia.com%2Findex.php%2Fproject%2Fzona-sul-hotel%2F%22%7D%2C%7B%22image%22%3A%22467%22%2C%22title%22%3A%22Projeto%20PFC%22%2C%22link_url%22%3A%22https%3A%2F%2Fproexcengenharia.com%2Findex.php%2Fproject%2Fprojeto-pfc%2F%22%7D%5D&#8221;][\/vc_column_inner][\/vc_row_inner][\/vc_column][\/vc_row][vc_row use_container=&#8221;yes&#8221;][vc_column][vc_row_inner][vc_column_inner][ts_section_title tagline=&#8221;Nossa Equipe&#8221; title=&#8221;Conhe\u00e7a nossa equipe&#8221;][\/vc_column_inner][\/vc_row_inner][vc_row_inner][vc_column_inner width=&#8221;1\/4&#8243; offset=&#8221;vc_col-md-1\/5&#8243;][ts_team_member member=&#8221;388&#8243; member_name=&#8221;F\u00e1bio Soares Rodrigues&#8221; title=&#8221;Gerente de Obras&#8221; details=&#8221;%5B%7B%22social_icon%22%3A%22%3Ci%20class%3D%5C%22lni%20lni-linkedin-original%5C%22%3E%3C%2Fi%3E%22%2C%22social_url%22%3A%22%23%22%7D%5D&#8221;][\/vc_column_inner][vc_column_inner width=&#8221;1\/4&#8243; offset=&#8221;vc_col-md-1\/5&#8243;][ts_team_member member=&#8221;389&#8243; member_name=&#8221;Maiza Moana Silva Lacerda&#8221; title=&#8221;Gerente de Projetos&#8221; details=&#8221;%5B%7B%22social_icon%22%3A%22%3Ci%20class%3D%5C%22lni%20lni-linkedin-original%5C%22%3E%3C%2Fi%3E%22%2C%22social_url%22%3A%22%23%22%7D%5D&#8221;][\/vc_column_inner][vc_column_inner width=&#8221;1\/2&#8243;][vc_toggle title=&#8221;F\u00e1bio Soares Rodrigues&#8221; custom_use_theme_fonts=&#8221;yes&#8221; use_custom_heading=&#8221;true&#8221;]Com gradua\u00e7\u00e3o em Engenharia Civil pela Universidade Federal de Goi\u00e1s, F\u00e1bio Soares Rodrigues tem tamb\u00e9m p\u00f3s-gradua\u00e7\u00e3o em Gerenciamento de obras e especialidade em Lean Construction, uma aplica\u00e7\u00e3o avan\u00e7ada com foco na produtividade m\u00e1xima.<\/p>\n<ul>\n<li>Gradua\u00e7\u00e3o em Engenharia Civil \u2013 Universidade Federal de Goi\u00e1s (UFG)<\/li>\n<li>P\u00f3s-gradua\u00e7\u00e3o em Gerenciamento de Obras \u2013 IPOG<\/li>\n<li><span class=\"Apple-converted-space\">\u00a0<\/span>Lean Construction \u2013 Aplica\u00e7\u00e3o avan\u00e7ada com foco na produtividade m\u00e1xima.<\/li>\n<\/ul>\n<p>[\/vc_toggle][vc_toggle title=&#8221;Maiza Moana Silva Lacerda&#8221; custom_use_theme_fonts=&#8221;yes&#8221; use_custom_heading=&#8221;true&#8221;]Maiza Moana Silva Lacerda \u00e9 Engenheira Civil pela Universidade Federal de Goi\u00e1s. \u00c9 tamb\u00e9m mestre em estruturas e constru\u00e7\u00e3o civil pela Universidade Federal de Uberl\u00e2ndia e possui p\u00f3s-gradua\u00e7\u00e3o em estruturas de concreto armado e funda\u00e7\u00f5es pelo Instituto Brasileiro de Educa\u00e7\u00e3o Continuada (INBEC).<\/p>\n<ul>\n<li>Gradua\u00e7\u00e3o em Engenharia Civil \u2013 Universidade Federal de Goi\u00e1s (UFG)<\/li>\n<li>P\u00f3s-gradua\u00e7\u00e3o em Estruturas de Concreto Armado e Funda\u00e7\u00f5es \u2013 INBEC<\/li>\n<li>Mestrado em estruturas e constru\u00e7\u00e3o Civil &#8211; Universidade Federal de Uberl\u00e2ndia (UFU)<\/li>\n<\/ul>\n<p>[\/vc_toggle][\/vc_column_inner][\/vc_row_inner][\/vc_column][\/vc_row]<\/p>\n<\/section>","protected":false},"excerpt":{"rendered":"<p>[vc_row motts_theme_padding=&#8221;no&#8221; css=&#8221;.vc_custom_1592942836378{margin-right: 0px !important;margin-left: 0px !important;}&#8221;][vc_column css=&#8221;.vc_custom_1592942827926{padding-right: 0px !important;padding-left: 0px !important;}&#8221;][ts_hero_slider hero_slider=&#8221;13&#8243;][vc_empty_space height=&#8221;50px&#8221;][vc_row_inner][vc_column_inner][ts_section_title tagline=&#8221;Como trabalhamos&#8221; title=&#8221;M\u00e9todo Pr\u00f3 360&#8243;][\/vc_column_inner][\/vc_row_inner][vc_row_inner content_placement=&#8221;middle&#8221;][vc_column_inner width=&#8221;1\/2&#8243; css=&#8221;.vc_custom_1592919692743{padding-right: 0px !important;padding-left: 0px !important;}&#8221;][ts_side_image image=&#8221;397&#8243; alt=&#8221;Image&#8221;][\/vc_column_inner][vc_column_inner width=&#8221;1\/2&#8243; css=&#8221;.vc_custom_1592992263819{padding-right: 0px !important;padding-left: 0px !important;}&#8221;][ts_side_content title=&#8221;Como trabalhamos?&#8221; description=&#8221;Projetos de engenharia s\u00e3o feitos para orientar e facilitar a execu\u00e7\u00e3o de obras, de forma que elas sejam conclu\u00eddas [&hellip;]<\/p>\n","protected":false},"author":1,"featured_media":0,"parent":0,"menu_order":0,"comment_status":"closed","ping_status":"closed","template":"page-builder.php","meta":{"_monsterinsights_skip_tracking":false,"_monsterinsights_sitenote_active":false,"_monsterinsights_sitenote_note":"","_monsterinsights_sitenote_category":0,"footnotes":""},"class_list":["post-9","page","type-page","status-publish","hentry"],"aioseo_notices":[],"acf":[],"_links":{"self":[{"href":"https:\/\/proexcengenharia.com\/index.php\/wp-json\/wp\/v2\/pages\/9","targetHints":{"allow":["GET"]}}],"collection":[{"href":"https:\/\/proexcengenharia.com\/index.php\/wp-json\/wp\/v2\/pages"}],"about":[{"href":"https:\/\/proexcengenharia.com\/index.php\/wp-json\/wp\/v2\/types\/page"}],"author":[{"embeddable":true,"href":"https:\/\/proexcengenharia.com\/index.php\/wp-json\/wp\/v2\/users\/1"}],"replies":[{"embeddable":true,"href":"https:\/\/proexcengenharia.com\/index.php\/wp-json\/wp\/v2\/comments?post=9"}],"version-history":[{"count":22,"href":"https:\/\/proexcengenharia.com\/index.php\/wp-json\/wp\/v2\/pages\/9\/revisions"}],"predecessor-version":[{"id":477,"href":"https:\/\/proexcengenharia.com\/index.php\/wp-json\/wp\/v2\/pages\/9\/revisions\/477"}],"wp:attachment":[{"href":"https:\/\/proexcengenharia.com\/index.php\/wp-json\/wp\/v2\/media?parent=9"}],"curies":[{"name":"wp","href":"https:\/\/api.w.org\/{rel}","templated":true}]}}