{"id":136,"date":"2020-06-24T20:42:01","date_gmt":"2020-06-24T20:42:01","guid":{"rendered":"http:\/\/consto.themezinho.net\/?page_id=136"},"modified":"2025-03-13T20:28:52","modified_gmt":"2025-03-13T20:28:52","slug":"contato","status":"publish","type":"page","link":"https:\/\/proexcengenharia.com\/index.php\/contato\/","title":{"rendered":"Fale Conosco"},"content":{"rendered":"<section class=\"wpb-content-wrapper\"><p>[vc_row use_container=&#8221;yes&#8221;][vc_column width=&#8221;1\/2&#8243; offset=&#8221;vc_col-md-4&#8243;][ts_contact_box icon=&#8221;141&#8243; title=&#8221;Nosso Escrit\u00f3rio&#8221; description=&#8221;Rua Delmira C\u00e2ndida Rodrigues da Cunha, 947 &#8211; Santa M\u00f4nica<br \/>\nUberl\u00e2ndia &#8211; MG&#8221;][\/vc_column][vc_column width=&#8221;1\/2&#8243; offset=&#8221;vc_col-md-4&#8243;][ts_contact_box icon=&#8221;145&#8243; title=&#8221;Telefone&#8221; description=&#8221;WhatsApp ou liga\u00e7\u00e3o:<br \/>\n(34) 99660-0298&#8243;][\/vc_column][vc_column width=&#8221;1\/2&#8243; offset=&#8221;vc_col-md-4&#8243;][ts_contact_box icon=&#8221;146&#8243; title=&#8221;Via e-mail&#8221; description=&#8221;fabio@proexcengenharia.com<br \/>\nmaiza@proexcengenharia.com&#8221;][\/vc_column][\/vc_row][vc_row motts_theme_padding=&#8221;no&#8221; use_container=&#8221;yes&#8221;][vc_column][vc_row_inner][vc_column_inner offset=&#8221;vc_col-md-6&#8243;][ts_section_title align=&#8221;left&#8221; tagline=&#8221;Entre em contato&#8221; title=&#8221;Temos a melhor solu\u00e7\u00e3o para seu empreendimento!&#8221;][\/vc_column_inner][vc_column_inner offset=&#8221;vc_col-md-6&#8243;]\n<div class=\"wpcf7 no-js\" id=\"wpcf7-f6-o1\" lang=\"pt-BR\" dir=\"ltr\" data-wpcf7-id=\"6\">\n<div class=\"screen-reader-response\"><p role=\"status\" aria-live=\"polite\" aria-atomic=\"true\"><\/p> <ul><\/ul><\/div>\n<form action=\"\/index.php\/wp-json\/wp\/v2\/pages\/136#wpcf7-f6-o1\" method=\"post\" class=\"wpcf7-form init\" aria-label=\"Formul\u00e1rios de contato\" novalidate=\"novalidate\" data-status=\"init\">\n<div style=\"display: none;\">\n<input type=\"hidden\" name=\"_wpcf7\" value=\"6\" \/>\n<input type=\"hidden\" name=\"_wpcf7_version\" value=\"6.0\" \/>\n<input type=\"hidden\" name=\"_wpcf7_locale\" value=\"pt_BR\" \/>\n<input type=\"hidden\" name=\"_wpcf7_unit_tag\" value=\"wpcf7-f6-o1\" \/>\n<input type=\"hidden\" name=\"_wpcf7_container_post\" value=\"0\" \/>\n<input type=\"hidden\" name=\"_wpcf7_posted_data_hash\" value=\"\" \/>\n<input type=\"hidden\" name=\"_wpcf7_recaptcha_response\" value=\"\" \/>\n<\/div>\n<p><label> Nome<br \/>\n<span class=\"wpcf7-form-control-wrap\" data-name=\"your-name\"><input size=\"40\" maxlength=\"400\" class=\"wpcf7-form-control wpcf7-text wpcf7-validates-as-required\" autocomplete=\"name\" aria-required=\"true\" aria-invalid=\"false\" value=\"\" type=\"text\" name=\"your-name\" \/><\/span> <\/label>\n<\/p>\n<p><label> E-mail<br \/>\n<span class=\"wpcf7-form-control-wrap\" data-name=\"your-email\"><input size=\"40\" maxlength=\"400\" class=\"wpcf7-form-control wpcf7-email wpcf7-validates-as-required wpcf7-text wpcf7-validates-as-email\" autocomplete=\"email\" aria-required=\"true\" aria-invalid=\"false\" value=\"\" type=\"email\" name=\"your-email\" \/><\/span> <\/label>\n<\/p>\n<p><label> Telefone<br \/>\n<span class=\"wpcf7-form-control-wrap\" data-name=\"your-subject\"><input size=\"40\" maxlength=\"400\" class=\"wpcf7-form-control wpcf7-text wpcf7-validates-as-required\" aria-required=\"true\" aria-invalid=\"false\" value=\"\" type=\"text\" name=\"your-subject\" \/><\/span> <\/label>\n<\/p>\n<p><label> Mensagem (Opcional)<br \/>\n<span class=\"wpcf7-form-control-wrap\" data-name=\"your-message\"><textarea cols=\"40\" rows=\"10\" maxlength=\"2000\" class=\"wpcf7-form-control wpcf7-textarea\" aria-invalid=\"false\" name=\"your-message\"><\/textarea><\/span> <\/label>\n<\/p>\n<p><input class=\"wpcf7-form-control wpcf7-submit has-spinner\" type=\"submit\" value=\"Enviar\" \/>\n<\/p><div class=\"wpcf7-response-output\" aria-hidden=\"true\"><\/div>\n<\/form>\n<\/div>\n[\/vc_column_inner][\/vc_row_inner][\/vc_column][\/vc_row][vc_row motts_theme_padding=&#8221;no&#8221; css=&#8221;.vc_custom_1593182392929{margin-right: 0px !important;margin-left: 0px !important;}&#8221;][vc_column css=&#8221;.vc_custom_1593182414164{padding-right: 0px !important;padding-left: 0px !important;}&#8221;][ts_google_maps iframe_url=&#8221;https:\/\/www.google.com\/maps\/embed?pb=!1m18!1m12!1m3!1d3774.283366010696!2d-48.254538789158545!3d-18.918847507546086!2m3!1f0!2f0!3f0!3m2!1i1024!2i768!4f13.1!3m3!1m2!1s0x94a4457120b0b66b%3A0x314b05018def0f1a!2sR.%20Delmira%20C%C3%A2ndida%20Rodrigues%20da%20Cunha%2C%20947%20-%20Santa%20M%C3%B4nica%2C%20Uberl%C3%A2ndia%20-%20MG%2C%2038408-208!5e0!3m2!1spt-BR!2sbr!4v1741897151883!5m2!1spt-BR!2sbr&#8221; map_height=&#8221;520&#8243;][\/vc_column][\/vc_row]<\/p>\n<\/section>","protected":false},"excerpt":{"rendered":"<p>[vc_row use_container=&#8221;yes&#8221;][vc_column width=&#8221;1\/2&#8243; offset=&#8221;vc_col-md-4&#8243;][ts_contact_box icon=&#8221;141&#8243; title=&#8221;Nosso Escrit\u00f3rio&#8221; description=&#8221;Rua Delmira C\u00e2ndida Rodrigues da Cunha, 947 &#8211; Santa M\u00f4nica Uberl\u00e2ndia &#8211; MG&#8221;][\/vc_column][vc_column width=&#8221;1\/2&#8243; offset=&#8221;vc_col-md-4&#8243;][ts_contact_box icon=&#8221;145&#8243; title=&#8221;Telefone&#8221; description=&#8221;WhatsApp ou liga\u00e7\u00e3o: (34) 99660-0298&#8243;][\/vc_column][vc_column width=&#8221;1\/2&#8243; offset=&#8221;vc_col-md-4&#8243;][ts_contact_box icon=&#8221;146&#8243; title=&#8221;Via e-mail&#8221; description=&#8221;fabio@proexcengenharia.com maiza@proexcengenharia.com&#8221;][\/vc_column][\/vc_row][vc_row motts_theme_padding=&#8221;no&#8221; use_container=&#8221;yes&#8221;][vc_column][vc_row_inner][vc_column_inner offset=&#8221;vc_col-md-6&#8243;][ts_section_title align=&#8221;left&#8221; tagline=&#8221;Entre em contato&#8221; title=&#8221;Temos a melhor solu\u00e7\u00e3o para seu empreendimento!&#8221;][\/vc_column_inner][vc_column_inner offset=&#8221;vc_col-md-6&#8243;][\/vc_column_inner][\/vc_row_inner][\/vc_column][\/vc_row][vc_row motts_theme_padding=&#8221;no&#8221; css=&#8221;.vc_custom_1593182392929{margin-right: 0px !important;margin-left: [&hellip;]<\/p>\n","protected":false},"author":1,"featured_media":0,"parent":0,"menu_order":0,"comment_status":"closed","ping_status":"closed","template":"page-builder.php","meta":{"_monsterinsights_skip_tracking":false,"_monsterinsights_sitenote_active":false,"_monsterinsights_sitenote_note":"","_monsterinsights_sitenote_category":0,"footnotes":""},"class_list":["post-136","page","type-page","status-publish","hentry"],"aioseo_notices":[],"acf":[],"_links":{"self":[{"href":"https:\/\/proexcengenharia.com\/index.php\/wp-json\/wp\/v2\/pages\/136","targetHints":{"allow":["GET"]}}],"collection":[{"href":"https:\/\/proexcengenharia.com\/index.php\/wp-json\/wp\/v2\/pages"}],"about":[{"href":"https:\/\/proexcengenharia.com\/index.php\/wp-json\/wp\/v2\/types\/page"}],"author":[{"embeddable":true,"href":"https:\/\/proexcengenharia.com\/index.php\/wp-json\/wp\/v2\/users\/1"}],"replies":[{"embeddable":true,"href":"https:\/\/proexcengenharia.com\/index.php\/wp-json\/wp\/v2\/comments?post=136"}],"version-history":[{"count":4,"href":"https:\/\/proexcengenharia.com\/index.php\/wp-json\/wp\/v2\/pages\/136\/revisions"}],"predecessor-version":[{"id":485,"href":"https:\/\/proexcengenharia.com\/index.php\/wp-json\/wp\/v2\/pages\/136\/revisions\/485"}],"wp:attachment":[{"href":"https:\/\/proexcengenharia.com\/index.php\/wp-json\/wp\/v2\/media?parent=136"}],"curies":[{"name":"wp","href":"https:\/\/api.w.org\/{rel}","templated":true}]}}